{"id":2880,"date":"2025-05-14T13:03:32","date_gmt":"2025-05-14T11:03:32","guid":{"rendered":"https:\/\/myevent.bz.it\/produkt\/coffee-creme-brulee-with-fruit-chips\/"},"modified":"2025-08-01T21:42:09","modified_gmt":"2025-08-01T19:42:09","slug":"coffee-creme-brulee-with-fruit-chips","status":"publish","type":"product","link":"https:\/\/eventrix.events\/en\/product\/coffee-creme-brulee-with-fruit-chips\/","title":{"rendered":"Coffee cr\u00e8me br\u00fbl\u00e9e with fruit chips"},"content":{"rendered":"<p>Coffee cr\u00e8me br\u00fbl\u00e9e with fruit chips<\/p>\n","protected":false},"excerpt":{"rendered":"<p>Coffee cr\u00e8me br\u00fbl\u00e9e with fruit chips<\/p>\n","protected":false},"featured_media":5244,"comment_status":"open","ping_status":"closed","template":"","meta":{"_acf_changed":false,"wprm-recipe-roundup-name":"","wprm-recipe-roundup-description":"","_kad_blocks_custom_css":"","_kad_blocks_head_custom_js":"","_kad_blocks_body_custom_js":"","_kad_blocks_footer_custom_js":"","_kadence_starter_templates_imported_post":false,"_kad_post_transparent":"","_kad_post_title":"","_kad_post_layout":"","_kad_post_sidebar_id":"","_kad_post_content_style":"","_kad_post_vertical_padding":"","_kad_post_feature":"","_kad_post_feature_position":"","_kad_post_header":false,"_kad_post_footer":false,"_kad_post_classname":""},"product_brand":[],"product_cat":[55,152,179],"product_tag":[],"class_list":{"0":"post-2880","1":"product","2":"type-product","3":"status-publish","4":"has-post-thumbnail","6":"product_cat-catering-en","7":"product_cat-desserts-en","8":"product_cat-individual-dishes","10":"first","11":"instock","12":"taxable","13":"shipping-taxable","14":"purchasable","15":"product-type-simple","16":"entry","17":"content-bg","18":"loop-entry"},"acf":[],"taxonomy_info":{"product_cat":[{"value":55,"label":"Catering"},{"value":152,"label":"Desserts"},{"value":179,"label":"Individual dishes"}]},"featured_image_src_large":["https:\/\/eventrix.events\/wp-content\/uploads\/2025\/08\/Design-ohne-Titel-18-1024x683.png",1024,683,true],"author_info":[],"comment_info":0,"_links":{"self":[{"href":"https:\/\/eventrix.events\/en\/wp-json\/wp\/v2\/product\/2880","targetHints":{"allow":["GET"]}}],"collection":[{"href":"https:\/\/eventrix.events\/en\/wp-json\/wp\/v2\/product"}],"about":[{"href":"https:\/\/eventrix.events\/en\/wp-json\/wp\/v2\/types\/product"}],"replies":[{"embeddable":true,"href":"https:\/\/eventrix.events\/en\/wp-json\/wp\/v2\/comments?post=2880"}],"wp:featuredmedia":[{"embeddable":true,"href":"https:\/\/eventrix.events\/en\/wp-json\/wp\/v2\/media\/5244"}],"wp:attachment":[{"href":"https:\/\/eventrix.events\/en\/wp-json\/wp\/v2\/media?parent=2880"}],"wp:term":[{"taxonomy":"product_brand","embeddable":true,"href":"https:\/\/eventrix.events\/en\/wp-json\/wp\/v2\/product_brand?post=2880"},{"taxonomy":"product_cat","embeddable":true,"href":"https:\/\/eventrix.events\/en\/wp-json\/wp\/v2\/product_cat?post=2880"},{"taxonomy":"product_tag","embeddable":true,"href":"https:\/\/eventrix.events\/en\/wp-json\/wp\/v2\/product_tag?post=2880"}],"curies":[{"name":"wp","href":"https:\/\/api.w.org\/{rel}","templated":true}]}}