{"id":4795,"date":"2025-07-22T10:08:45","date_gmt":"2025-07-22T08:08:45","guid":{"rendered":"https:\/\/myevent.bz.it\/feedback\/"},"modified":"2025-11-13T17:05:18","modified_gmt":"2025-11-13T16:05:18","slug":"feedback","status":"publish","type":"page","link":"https:\/\/eventrix.events\/it\/feedback\/","title":{"rendered":"Feedback"},"content":{"rendered":"<div class=\"wpforms-container wpforms-container-full wpforms-block wpforms-block-bc2219ce-9f84-476f-8694-a41caebf4332 wpforms-render-modern\" id=\"wpforms-4786\"><form id=\"wpforms-form-4786\" class=\"wpforms-validate wpforms-form wpforms-ajax-form\" data-formid=\"4786\" method=\"post\" enctype=\"multipart\/form-data\" action=\"\/it\/wp-json\/wp\/v2\/pages\/4795\" data-token=\"3a9e9383463ab63d7284359bc9f28f93\" data-token-time=\"1776309143\"><noscript class=\"wpforms-error-noscript\">Abilita JavaScript nel browser per completare questo modulo.<\/noscript><div id=\"wpforms-error-noscript\" style=\"display: none;\">Abilita JavaScript nel browser per completare questo modulo.<\/div><div class=\"wpforms-field-container\"><div id=\"wpforms-4786-field_1-container\" class=\"wpforms-field wpforms-field-layout\" data-field-id=\"1\"><div class=\"wpforms-field-layout-columns wpforms-field-layout-preset-50-50\"><div class=\"wpforms-layout-column wpforms-layout-column-50\" ><div id=\"wpforms-4786-field_2-container\" class=\"wpforms-field wpforms-field-name\" data-field-id=\"2\"><label class=\"wpforms-field-label\" for=\"wpforms-4786-field_2\">Name<\/label><input type=\"text\" id=\"wpforms-4786-field_2\" class=\"wpforms-field-medium\" name=\"wpforms[fields][2]\" placeholder=\"e.g., John Doe\" aria-errormessage=\"wpforms-4786-field_2-error\" ><\/div><\/div><div class=\"wpforms-layout-column wpforms-layout-column-50\" ><\/div><\/div><\/div>\t\t<div id=\"wpforms-4786-field_3-container\"\n\t\t\tclass=\"wpforms-field wpforms-field-text\"\n\t\t\tdata-field-type=\"text\"\n\t\t\tdata-field-id=\"3\"\n\t\t\t>\n\t\t\t<label class=\"wpforms-field-label\" for=\"wpforms-4786-field_3\" >Einverst\u00e4ndnis das kontaktiert<\/label>\n\t\t\t<input type=\"text\" id=\"wpforms-4786-field_3\" class=\"wpforms-field-medium\" name=\"wpforms[fields][3]\" >\n\t\t<\/div>\n\t\t<div id=\"wpforms-4786-field_8-container\" class=\"wpforms-field wpforms-field-textarea\" data-field-id=\"8\"><label class=\"wpforms-field-label\" for=\"wpforms-4786-field_8\">Feedback <span class=\"wpforms-required-label\" aria-hidden=\"true\">*<\/span><\/label><textarea id=\"wpforms-4786-field_8\" class=\"wpforms-field-small wpforms-field-required\" name=\"wpforms[fields][8]\" aria-errormessage=\"wpforms-4786-field_8-error\" required><\/textarea><\/div><div id=\"wpforms-4786-field_10-container\" class=\"wpforms-field wpforms-field-checkbox\" data-field-id=\"10\"><fieldset><legend class=\"wpforms-field-label\">Einverst\u00e4ndnis das ich kontaktiert werde <\/legend><ul id=\"wpforms-4786-field_10\"><li class=\"choice-1 depth-1\"><input type=\"checkbox\" id=\"wpforms-4786-field_10_1\" name=\"wpforms[fields][10][]\" value=\"Einverstanden dass ich kontaktiert werde\" aria-errormessage=\"wpforms-4786-field_10_1-error\"  ><label class=\"wpforms-field-label-inline\" for=\"wpforms-4786-field_10_1\">Einverstanden dass ich kontaktiert werde<\/label><\/li><\/ul><\/fieldset><\/div><script>\n\t\t\t\t( function() {\n\t\t\t\t\tconst style = document.createElement( 'style' );\n\t\t\t\t\tstyle.appendChild( document.createTextNode( '#wpforms-4786-field_3-container { position: absolute !important; overflow: hidden !important; display: inline !important; height: 1px !important; width: 1px !important; z-index: -1000 !important; padding: 0 !important; } #wpforms-4786-field_3-container input { visibility: hidden; } #wpforms-conversational-form-page #wpforms-4786-field_3-container label { counter-increment: none; }' ) );\n\t\t\t\t\tdocument.head.appendChild( style );\n\t\t\t\t\tdocument.currentScript?.remove();\n\t\t\t\t} )();\n\t\t\t<\/script><\/div><!-- .wpforms-field-container --><div class=\"wpforms-submit-container\" ><input type=\"hidden\" name=\"wpforms[id]\" value=\"4786\"><input type=\"hidden\" name=\"page_title\" value=\"\"><input type=\"hidden\" name=\"page_url\" value=\"https:\/\/eventrix.events\/it\/wp-json\/wp\/v2\/pages\/4795\"><input type=\"hidden\" name=\"url_referer\" value=\"\"><button type=\"submit\" name=\"wpforms[submit]\" id=\"wpforms-submit-4786\" class=\"wpforms-submit\" data-alt-text=\"Sending...\" data-submit-text=\"Submit\" aria-live=\"assertive\" value=\"wpforms-submit\">Submit<\/button><img decoding=\"async\" src=\"https:\/\/eventrix.events\/wp-content\/plugins\/wpforms\/assets\/images\/submit-spin.svg\" class=\"wpforms-submit-spinner\" style=\"display: none;\" width=\"26\" height=\"26\" alt=\"Caricamento\"><\/div><\/form><\/div>  <!-- .wpforms-container -->\n\n<style>.wp-block-kadence-advancedheading.kt-adv-heading4789_8fe48b-2e, .wp-block-kadence-advancedheading.kt-adv-heading4789_8fe48b-2e[data-kb-block=\"kb-adv-heading4789_8fe48b-2e\"]{display:block;font-style:normal;}.wp-block-kadence-advancedheading.kt-adv-heading4789_8fe48b-2e mark.kt-highlight, .wp-block-kadence-advancedheading.kt-adv-heading4789_8fe48b-2e[data-kb-block=\"kb-adv-heading4789_8fe48b-2e\"] mark.kt-highlight{font-style:normal;color:#f76a0c;-webkit-box-decoration-break:clone;box-decoration-break:clone;padding-top:0px;padding-right:0px;padding-bottom:0px;padding-left:0px;}.wp-block-kadence-advancedheading.kt-adv-heading4789_8fe48b-2e img.kb-inline-image, .wp-block-kadence-advancedheading.kt-adv-heading4789_8fe48b-2e[data-kb-block=\"kb-adv-heading4789_8fe48b-2e\"] img.kb-inline-image{width:150px;vertical-align:baseline;}<\/style>\n<span class=\"kt-adv-heading4789_8fe48b-2e wp-block-kadence-advancedheading\" data-kb-block=\"kb-adv-heading4789_8fe48b-2e\"><strong>Deine Meinung ist uns wichtig.<\/strong><br>Ob Lob, Kritik oder Ideen \u2013 dein Feedback hilft uns, gemeinsam besser zu werden.<\/span>\n\n\n<style>.wp-block-kadence-advancedheading.kt-adv-heading4789_798709-89, .wp-block-kadence-advancedheading.kt-adv-heading4789_798709-89[data-kb-block=\"kb-adv-heading4789_798709-89\"]{display:block;font-style:normal;}.wp-block-kadence-advancedheading.kt-adv-heading4789_798709-89 mark.kt-highlight, .wp-block-kadence-advancedheading.kt-adv-heading4789_798709-89[data-kb-block=\"kb-adv-heading4789_798709-89\"] mark.kt-highlight{font-style:normal;color:#f76a0c;-webkit-box-decoration-break:clone;box-decoration-break:clone;padding-top:0px;padding-right:0px;padding-bottom:0px;padding-left:0px;}.wp-block-kadence-advancedheading.kt-adv-heading4789_798709-89 img.kb-inline-image, .wp-block-kadence-advancedheading.kt-adv-heading4789_798709-89[data-kb-block=\"kb-adv-heading4789_798709-89\"] img.kb-inline-image{width:150px;vertical-align:baseline;}<\/style>\n<span class=\"kt-adv-heading4789_798709-89 wp-block-kadence-advancedheading\" data-kb-block=\"kb-adv-heading4789_798709-89\">Bitte nutze das Formular, um uns anonym oder mit Namen R\u00fcckmeldung zu geben.<br>Wir freuen uns \u00fcber jede R\u00fcckmeldung zur Zusammenarbeit, Organisation, Kommunikation oder einzelnen Events.<\/span>\n\n\n<style>.wp-block-kadence-advancedheading.kt-adv-heading4789_583fff-9a, .wp-block-kadence-advancedheading.kt-adv-heading4789_583fff-9a[data-kb-block=\"kb-adv-heading4789_583fff-9a\"]{display:block;font-style:normal;}.wp-block-kadence-advancedheading.kt-adv-heading4789_583fff-9a mark.kt-highlight, .wp-block-kadence-advancedheading.kt-adv-heading4789_583fff-9a[data-kb-block=\"kb-adv-heading4789_583fff-9a\"] mark.kt-highlight{font-style:normal;color:#f76a0c;-webkit-box-decoration-break:clone;box-decoration-break:clone;padding-top:0px;padding-right:0px;padding-bottom:0px;padding-left:0px;}.wp-block-kadence-advancedheading.kt-adv-heading4789_583fff-9a img.kb-inline-image, .wp-block-kadence-advancedheading.kt-adv-heading4789_583fff-9a[data-kb-block=\"kb-adv-heading4789_583fff-9a\"] img.kb-inline-image{width:150px;vertical-align:baseline;}<\/style>\n<span class=\"kt-adv-heading4789_583fff-9a wp-block-kadence-advancedheading\" data-kb-block=\"kb-adv-heading4789_583fff-9a\">Danke, dass du Teil unseres Teams bist!<\/span>\n","protected":false},"excerpt":{"rendered":"<p>Deine Meinung ist uns wichtig.Ob Lob, Kritik oder Ideen \u2013 dein Feedback hilft uns, gemeinsam besser zu werden. Bitte nutze das Formular, um uns anonym oder mit Namen R\u00fcckmeldung zu geben.Wir freuen uns \u00fcber jede R\u00fcckmeldung zur Zusammenarbeit, Organisation, Kommunikation oder einzelnen Events. Danke, dass du Teil unseres Teams bist!<\/p>\n","protected":false},"author":1,"featured_media":0,"parent":0,"menu_order":0,"comment_status":"closed","ping_status":"closed","template":"","meta":{"_acf_changed":false,"wprm-recipe-roundup-name":"","wprm-recipe-roundup-description":"","_kad_blocks_custom_css":"","_kad_blocks_head_custom_js":"","_kad_blocks_body_custom_js":"","_kad_blocks_footer_custom_js":"","_kadence_starter_templates_imported_post":false,"_kad_post_transparent":"","_kad_post_title":"","_kad_post_layout":"","_kad_post_sidebar_id":"","_kad_post_content_style":"","_kad_post_vertical_padding":"","_kad_post_feature":"","_kad_post_feature_position":"","_kad_post_header":false,"_kad_post_footer":false,"_kad_post_classname":"","footnotes":""},"folder":[960],"class_list":["post-4795","page","type-page","status-publish","hentry"],"acf":[],"taxonomy_info":[],"featured_image_src_large":false,"author_info":{"display_name":"myevent","author_link":"https:\/\/eventrix.events\/it\/autore\/myevent\/"},"comment_info":0,"_links":{"self":[{"href":"https:\/\/eventrix.events\/it\/wp-json\/wp\/v2\/pages\/4795","targetHints":{"allow":["GET"]}}],"collection":[{"href":"https:\/\/eventrix.events\/it\/wp-json\/wp\/v2\/pages"}],"about":[{"href":"https:\/\/eventrix.events\/it\/wp-json\/wp\/v2\/types\/page"}],"author":[{"embeddable":true,"href":"https:\/\/eventrix.events\/it\/wp-json\/wp\/v2\/users\/1"}],"replies":[{"embeddable":true,"href":"https:\/\/eventrix.events\/it\/wp-json\/wp\/v2\/comments?post=4795"}],"version-history":[{"count":2,"href":"https:\/\/eventrix.events\/it\/wp-json\/wp\/v2\/pages\/4795\/revisions"}],"predecessor-version":[{"id":7387,"href":"https:\/\/eventrix.events\/it\/wp-json\/wp\/v2\/pages\/4795\/revisions\/7387"}],"wp:attachment":[{"href":"https:\/\/eventrix.events\/it\/wp-json\/wp\/v2\/media?parent=4795"}],"wp:term":[{"taxonomy":"folder","embeddable":true,"href":"https:\/\/eventrix.events\/it\/wp-json\/wp\/v2\/folder?post=4795"}],"curies":[{"name":"wp","href":"https:\/\/api.w.org\/{rel}","templated":true}]}}