{"id":5924,"date":"2025-08-16T18:44:45","date_gmt":"2025-08-16T16:44:45","guid":{"rendered":"https:\/\/myevent.bz.it\/eventi\/"},"modified":"2026-02-19T12:08:14","modified_gmt":"2026-02-19T11:08:14","slug":"eventi","status":"publish","type":"page","link":"https:\/\/eventrix.events\/it\/eventi\/","title":{"rendered":"Eventi"},"content":{"rendered":"<style>.wp-block-kadence-advancedheading.kt-adv-heading5920_3def99-9a_0_0_0_0_0_0, .wp-block-kadence-advancedheading.kt-adv-heading5920_3def99-9a_0_0_0_0_0_0[data-kb-block=\"kb-adv-heading5920_3def99-9a_0_0_0_0_0_0\"]{font-style:normal;}.wp-block-kadence-advancedheading.kt-adv-heading5920_3def99-9a_0_0_0_0_0_0 mark.kt-highlight, .wp-block-kadence-advancedheading.kt-adv-heading5920_3def99-9a_0_0_0_0_0_0[data-kb-block=\"kb-adv-heading5920_3def99-9a_0_0_0_0_0_0\"] mark.kt-highlight{font-style:normal;color:#f76a0c;-webkit-box-decoration-break:clone;box-decoration-break:clone;padding-top:0px;padding-right:0px;padding-bottom:0px;padding-left:0px;}.wp-block-kadence-advancedheading.kt-adv-heading5920_3def99-9a_0_0_0_0_0_0 img.kb-inline-image, .wp-block-kadence-advancedheading.kt-adv-heading5920_3def99-9a_0_0_0_0_0_0[data-kb-block=\"kb-adv-heading5920_3def99-9a_0_0_0_0_0_0\"] img.kb-inline-image{width:150px;vertical-align:baseline;}<\/style>&#13;\n<h2 class=\"kt-adv-heading5920_3def99-9a_0_0_0_0_0_0 wp-block-kadence-advancedheading\" data-kb-block=\"kb-adv-heading5920_3def99-9a_0_0_0_0_0_0\">\u00a0<\/h2>&#13;\n<style>.wp-block-kadence-advancedheading.kt-adv-heading5920_28e954-c5_0_0_0_0, .wp-block-kadence-advancedheading.kt-adv-heading5920_28e954-c5_0_0_0_0[data-kb-block=\"kb-adv-heading5920_28e954-c5_0_0_0_0\"]{text-align:left;font-style:normal;}.wp-block-kadence-advancedheading.kt-adv-heading5920_28e954-c5_0_0_0_0 mark.kt-highlight, .wp-block-kadence-advancedheading.kt-adv-heading5920_28e954-c5_0_0_0_0[data-kb-block=\"kb-adv-heading5920_28e954-c5_0_0_0_0\"] mark.kt-highlight{font-style:normal;color:#f76a0c;-webkit-box-decoration-break:clone;box-decoration-break:clone;padding-top:0px;padding-right:0px;padding-bottom:0px;padding-left:0px;}.wp-block-kadence-advancedheading.kt-adv-heading5920_28e954-c5_0_0_0_0 img.kb-inline-image, .wp-block-kadence-advancedheading.kt-adv-heading5920_28e954-c5_0_0_0_0[data-kb-block=\"kb-adv-heading5920_28e954-c5_0_0_0_0\"] img.kb-inline-image{width:150px;vertical-align:baseline;}<\/style>&#13;\n<div class=\"kt-adv-heading5920_28e954-c5_0_0_0_0 wp-block-kadence-advancedheading\" data-kb-block=\"kb-adv-heading5920_28e954-c5_0_0_0_0\">\u00a0<\/div>&#13;\n<style>.wp-block-kadence-advancedheading.kt-adv-heading5920_177cf0-c5_0, .wp-block-kadence-advancedheading.kt-adv-heading5920_177cf0-c5_0[data-kb-block=\"kb-adv-heading5920_177cf0-c5_0\"]{font-style:normal;}.wp-block-kadence-advancedheading.kt-adv-heading5920_177cf0-c5_0 mark.kt-highlight, .wp-block-kadence-advancedheading.kt-adv-heading5920_177cf0-c5_0[data-kb-block=\"kb-adv-heading5920_177cf0-c5_0\"] mark.kt-highlight{font-style:normal;color:#f76a0c;-webkit-box-decoration-break:clone;box-decoration-break:clone;padding-top:0px;padding-right:0px;padding-bottom:0px;padding-left:0px;}.wp-block-kadence-advancedheading.kt-adv-heading5920_177cf0-c5_0 img.kb-inline-image, .wp-block-kadence-advancedheading.kt-adv-heading5920_177cf0-c5_0[data-kb-block=\"kb-adv-heading5920_177cf0-c5_0\"] img.kb-inline-image{width:150px;vertical-align:baseline;}<\/style>&#13;\n<p class=\"kt-adv-heading5920_177cf0-c5_0 wp-block-kadence-advancedheading\" data-kb-block=\"kb-adv-heading5920_177cf0-c5_0\"><div id=\"mec_skin_8433\" class=\"mec-wrap   \">\r\n\r\n    \r\n    <div class=\"mec-calendar mec-box-calendar mec-event-calendar-classic mec-event-container-novel\" id=\"mec_skin_events_8433_full\">\r\n                <div class=\"mec-calendar-side mec-clear\">\r\n                        <div class=\"mec-skin-monthly-view-month-navigator-container\">\r\n                <div class=\"mec-month-navigator\" id=\"mec_month_navigator_8433_202604\"><div class=\"mec-calendar-header\"><h2>Aprile 2026<\/h2><\/div><div class=\"mec-next-month mec-load-month mec-next-month\" data-mec-year=\"2026\" data-mec-month=\"05\"><a href=\"#\" class=\"mec-load-month-link\">Maggio <i class=\"mec-sl-angle-right\"><\/i><\/a><\/div><\/div>\r\n            <\/div>\r\n            \r\n            <div class=\"mec-calendar-table\" id=\"mec_skin_events_8433\">\r\n                <div class=\"mec-month-container mec-month-container-selected\" id=\"mec_monthly_view_month_8433_202604\" data-month-id=\"202604\"><dl class=\"mec-calendar-table-head\"><dt class=\"mec-calendar-day-head\">Lun<\/dt><dt class=\"mec-calendar-day-head\">MA<\/dt><dt class=\"mec-calendar-day-head\">ME<\/dt><dt class=\"mec-calendar-day-head\">GI<\/dt><dt class=\"mec-calendar-day-head\">Ven<\/dt><dt class=\"mec-calendar-day-head\">SA<\/dt><dt class=\"mec-calendar-day-head\">DO<\/dt><\/dl><dl class=\"mec-calendar-row\">\r\n    <dt class=\"mec-table-nullday\">30<\/dt><dt class=\"mec-table-nullday\">31<\/dt><dt class=\"mec-calendar-day \" data-mec-cell=\"20260401\" data-day=\"1\" data-month=\"202604\">1<\/dt><\/dt><dt class=\"mec-calendar-day \" data-mec-cell=\"20260402\" data-day=\"2\" data-month=\"202604\">2<\/dt><\/dt><dt class=\"mec-calendar-day \" data-mec-cell=\"20260403\" data-day=\"3\" data-month=\"202604\">3<\/dt><\/dt><dt class=\"mec-calendar-day \" data-mec-cell=\"20260404\" data-day=\"4\" data-month=\"202604\">4<\/dt><\/dt><dt class=\"mec-calendar-day \" data-mec-cell=\"20260405\" data-day=\"5\" data-month=\"202604\">5<\/dt><\/dt><\/dl><dl class=\"mec-calendar-row\"><dt class=\"mec-calendar-day \" data-mec-cell=\"20260406\" data-day=\"6\" data-month=\"202604\">6<\/dt><\/dt><dt class=\"mec-calendar-day \" data-mec-cell=\"20260407\" data-day=\"7\" data-month=\"202604\">7<\/dt><\/dt><dt class=\"mec-calendar-day \" data-mec-cell=\"20260408\" data-day=\"8\" data-month=\"202604\">8<\/dt><\/dt><dt class=\"mec-calendar-day \" data-mec-cell=\"20260409\" data-day=\"9\" data-month=\"202604\">9<\/dt><\/dt><dt class=\"mec-calendar-day \" data-mec-cell=\"20260410\" data-day=\"10\" data-month=\"202604\">10<\/dt><\/dt><dt class=\"mec-calendar-day \" data-mec-cell=\"20260411\" data-day=\"11\" data-month=\"202604\">11<\/dt><\/dt><dt class=\"mec-calendar-day \" data-mec-cell=\"20260412\" data-day=\"12\" data-month=\"202604\">12<\/dt><\/dt><\/dl><dl class=\"mec-calendar-row\"><dt class=\"mec-calendar-day \" data-mec-cell=\"20260413\" data-day=\"13\" data-month=\"202604\">13<\/dt><\/dt><dt class=\"mec-calendar-day \" data-mec-cell=\"20260414\" data-day=\"14\" data-month=\"202604\">14<\/dt><\/dt><dt class=\"mec-calendar-day \" data-mec-cell=\"20260415\" data-day=\"15\" data-month=\"202604\">15<\/dt><\/dt><dt class=\"mec-calendar-day \" data-mec-cell=\"20260416\" data-day=\"16\" data-month=\"202604\">16<\/dt><\/dt><dt class=\"mec-calendar-day \" data-mec-cell=\"20260417\" data-day=\"17\" data-month=\"202604\">17<\/dt><\/dt><dt class=\"mec-calendar-day \" data-mec-cell=\"20260418\" data-day=\"18\" data-month=\"202604\">18<\/dt><\/dt><dt class=\"mec-calendar-day \" data-mec-cell=\"20260419\" data-day=\"19\" data-month=\"202604\">19<\/dt><\/dt><\/dl><dl class=\"mec-calendar-row\"><dt class=\"mec-calendar-day \" data-mec-cell=\"20260420\" data-day=\"20\" data-month=\"202604\">20<\/dt><\/dt><dt class=\"mec-calendar-day \" data-mec-cell=\"20260421\" data-day=\"21\" data-month=\"202604\">21<\/dt><\/dt><dt class=\"mec-calendar-day \" data-mec-cell=\"20260422\" data-day=\"22\" data-month=\"202604\">22<\/dt><\/dt><dt class=\"mec-calendar-day \" data-mec-cell=\"20260423\" data-day=\"23\" data-month=\"202604\">23<\/dt><\/dt><dt class=\"mec-calendar-day \" data-mec-cell=\"20260424\" data-day=\"24\" data-month=\"202604\">24<\/dt><\/dt><dt class=\"mec-calendar-day \" data-mec-cell=\"20260425\" data-day=\"25\" data-month=\"202604\">25<\/dt><\/dt><dt class=\"mec-calendar-day  mec-selected-day\" data-mec-cell=\"20260426\" data-day=\"26\" data-month=\"202604\">26<\/dt><\/dt><\/dl><dl class=\"mec-calendar-row\"><dt class=\"mec-calendar-day \" data-mec-cell=\"20260427\" data-day=\"27\" data-month=\"202604\">27<\/dt><\/dt><dt class=\"mec-calendar-day \" data-mec-cell=\"20260428\" data-day=\"28\" data-month=\"202604\">28<\/dt><\/dt><dt class=\"mec-calendar-day \" data-mec-cell=\"20260429\" data-day=\"29\" data-month=\"202604\">29<\/dt><\/dt><dt class=\"mec-calendar-day \" data-mec-cell=\"20260430\" data-day=\"30\" data-month=\"202604\">30<\/dt><\/dt><dt class=\"mec-table-nullday\">1<\/dt><dt class=\"mec-table-nullday\">2<\/dt><dt class=\"mec-table-nullday\">3<\/dt><\/dl>\r\n<\/div>\r\n            <\/div>\r\n\r\n                    <\/div>\r\n            <\/div>\r\n\r\n        \r\n        <div class=\"mec-modal-result\"><\/div>\r\n\r\n<\/div><\/p>&#13;\n<style>.wp-block-kadence-advancedheading.kt-adv-heading5920_f76d66-b8_0, .wp-block-kadence-advancedheading.kt-adv-heading5920_f76d66-b8_0[data-kb-block=\"kb-adv-heading5920_f76d66-b8_0\"]{font-style:normal;}.wp-block-kadence-advancedheading.kt-adv-heading5920_f76d66-b8_0 mark.kt-highlight, .wp-block-kadence-advancedheading.kt-adv-heading5920_f76d66-b8_0[data-kb-block=\"kb-adv-heading5920_f76d66-b8_0\"] mark.kt-highlight{font-style:normal;color:#f76a0c;-webkit-box-decoration-break:clone;box-decoration-break:clone;padding-top:0px;padding-right:0px;padding-bottom:0px;padding-left:0px;}.wp-block-kadence-advancedheading.kt-adv-heading5920_f76d66-b8_0 img.kb-inline-image, .wp-block-kadence-advancedheading.kt-adv-heading5920_f76d66-b8_0[data-kb-block=\"kb-adv-heading5920_f76d66-b8_0\"] img.kb-inline-image{width:150px;vertical-align:baseline;}<\/style>&#13;\n<h4 class=\"kt-adv-heading5920_f76d66-b8_0 wp-block-kadence-advancedheading\" data-kb-block=\"kb-adv-heading5920_f76d66-b8_0\">Event e manifestazioni in Alto Adige con focus culinario<\/h4>&#13;\n<style>.wp-block-kadence-advancedheading.kt-adv-heading5920_f76d66-b8_1, .wp-block-kadence-advancedheading.kt-adv-heading5920_f76d66-b8_1[data-kb-block=\"kb-adv-heading5920_f76d66-b8_1\"]{font-style:normal;}.wp-block-kadence-advancedheading.kt-adv-heading5920_f76d66-b8_1 mark.kt-highlight, .wp-block-kadence-advancedheading.kt-adv-heading5920_f76d66-b8_1[data-kb-block=\"kb-adv-heading5920_f76d66-b8_1\"] mark.kt-highlight{font-style:normal;color:#f76a0c;-webkit-box-decoration-break:clone;box-decoration-break:clone;padding-top:0px;padding-right:0px;padding-bottom:0px;padding-left:0px;}.wp-block-kadence-advancedheading.kt-adv-heading5920_f76d66-b8_1 img.kb-inline-image, .wp-block-kadence-advancedheading.kt-adv-heading5920_f76d66-b8_1[data-kb-block=\"kb-adv-heading5920_f76d66-b8_1\"] img.kb-inline-image{width:150px;vertical-align:baseline;}<\/style>&#13;\n<div class=\"kt-adv-heading5920_f76d66-b8_1 wp-block-kadence-advancedheading\" data-kb-block=\"kb-adv-heading5920_f76d66-b8_1\">Diese Plattform bietet einen umfassenden \u00dcberblick \u00fcber Gastroevents und Kochkurse in S\u00fcdtirol. Der Fokus liegt klar auf Veranstaltungen rund ums Essen und Trinken \u2013 von Aperitifs und Degustationen \u00fcber Pop-up-Dinner bis hin zu Workshops in kleinen Gruppen.<\/div>&#13;\n<style>.wp-block-kadence-advancedheading.kt-adv-heading5920_f76d66-b8_2, .wp-block-kadence-advancedheading.kt-adv-heading5920_f76d66-b8_2[data-kb-block=\"kb-adv-heading5920_f76d66-b8_2\"]{font-style:normal;}.wp-block-kadence-advancedheading.kt-adv-heading5920_f76d66-b8_2 mark.kt-highlight, .wp-block-kadence-advancedheading.kt-adv-heading5920_f76d66-b8_2[data-kb-block=\"kb-adv-heading5920_f76d66-b8_2\"] mark.kt-highlight{font-style:normal;color:#f76a0c;-webkit-box-decoration-break:clone;box-decoration-break:clone;padding-top:0px;padding-right:0px;padding-bottom:0px;padding-left:0px;}.wp-block-kadence-advancedheading.kt-adv-heading5920_f76d66-b8_2 img.kb-inline-image, .wp-block-kadence-advancedheading.kt-adv-heading5920_f76d66-b8_2[data-kb-block=\"kb-adv-heading5920_f76d66-b8_2\"] img.kb-inline-image{width:150px;vertical-align:baseline;}<\/style>&#13;\n<div class=\"kt-adv-heading5920_f76d66-b8_2 wp-block-kadence-advancedheading\" data-kb-block=\"kb-adv-heading5920_f76d66-b8_2\">Alle Events sind zukunftsorientiert geplant, setzen auf regionale Produkte und moderne Konzepte. Alle Veranstaltungen werden als Green Events augerichtet.<\/div>&#13;\n<style>.wp-block-kadence-advancedheading.kt-adv-heading5920_f76d66-b8_3, .wp-block-kadence-advancedheading.kt-adv-heading5920_f76d66-b8_3[data-kb-block=\"kb-adv-heading5920_f76d66-b8_3\"]{font-style:normal;}.wp-block-kadence-advancedheading.kt-adv-heading5920_f76d66-b8_3 mark.kt-highlight, .wp-block-kadence-advancedheading.kt-adv-heading5920_f76d66-b8_3[data-kb-block=\"kb-adv-heading5920_f76d66-b8_3\"] mark.kt-highlight{font-style:normal;color:#f76a0c;-webkit-box-decoration-break:clone;box-decoration-break:clone;padding-top:0px;padding-right:0px;padding-bottom:0px;padding-left:0px;}.wp-block-kadence-advancedheading.kt-adv-heading5920_f76d66-b8_3 img.kb-inline-image, .wp-block-kadence-advancedheading.kt-adv-heading5920_f76d66-b8_3[data-kb-block=\"kb-adv-heading5920_f76d66-b8_3\"] img.kb-inline-image{width:150px;vertical-align:baseline;}<\/style>&#13;\n<div class=\"kt-adv-heading5920_f76d66-b8_3 wp-block-kadence-advancedheading\" data-kb-block=\"kb-adv-heading5920_f76d66-b8_3\">Hier findest du keine Konzerte oder Partys \u2013 bei uns geht es um kulinarische Erlebnisse, die Genuss, Austausch und Handwerk miteinander verbinden. Ob inspirierende Kochkurse, innovative Gastronomieprojekte oder gesellige Dinnerabende: unsere Events zeigen, wie vielf\u00e4ltig und zeitgem\u00e4\u00df die K\u00fcche in S\u00fcdtirol heute ist.<\/div>&#13;\n","protected":false},"excerpt":{"rendered":"<p>&#13; \u00a0 &#13; &#13; \u00a0 &#13; &#13; &#13; &#13; Event e manifestazioni in Alto Adige con focus culinario &#13; &#13; Diese Plattform bietet einen umfassenden \u00dcberblick \u00fcber Gastroevents und Kochkurse in S\u00fcdtirol. Der Fokus liegt klar auf Veranstaltungen rund ums Essen und Trinken \u2013 von Aperitifs und Degustationen \u00fcber Pop-up-Dinner bis hin zu Workshops in&#8230;<\/p>\n","protected":false},"author":1,"featured_media":0,"parent":0,"menu_order":0,"comment_status":"closed","ping_status":"closed","template":"","meta":{"_acf_changed":false,"wprm-recipe-roundup-name":"","wprm-recipe-roundup-description":"","_kad_blocks_custom_css":"","_kad_blocks_head_custom_js":"","_kad_blocks_body_custom_js":"","_kad_blocks_footer_custom_js":"","_kadence_starter_templates_imported_post":false,"_kad_post_transparent":"default","_kad_post_title":"default","_kad_post_layout":"narrow","_kad_post_sidebar_id":"","_kad_post_content_style":"boxed","_kad_post_vertical_padding":"default","_kad_post_feature":"","_kad_post_feature_position":"","_kad_post_header":false,"_kad_post_footer":false,"_kad_post_classname":"","footnotes":""},"folder":[958],"class_list":["post-5924","page","type-page","status-publish","hentry"],"acf":[],"taxonomy_info":[],"featured_image_src_large":false,"author_info":{"display_name":"myevent","author_link":"https:\/\/eventrix.events\/it\/autore\/myevent\/"},"comment_info":0,"_links":{"self":[{"href":"https:\/\/eventrix.events\/it\/wp-json\/wp\/v2\/pages\/5924","targetHints":{"allow":["GET"]}}],"collection":[{"href":"https:\/\/eventrix.events\/it\/wp-json\/wp\/v2\/pages"}],"about":[{"href":"https:\/\/eventrix.events\/it\/wp-json\/wp\/v2\/types\/page"}],"author":[{"embeddable":true,"href":"https:\/\/eventrix.events\/it\/wp-json\/wp\/v2\/users\/1"}],"replies":[{"embeddable":true,"href":"https:\/\/eventrix.events\/it\/wp-json\/wp\/v2\/comments?post=5924"}],"version-history":[{"count":10,"href":"https:\/\/eventrix.events\/it\/wp-json\/wp\/v2\/pages\/5924\/revisions"}],"predecessor-version":[{"id":8936,"href":"https:\/\/eventrix.events\/it\/wp-json\/wp\/v2\/pages\/5924\/revisions\/8936"}],"wp:attachment":[{"href":"https:\/\/eventrix.events\/it\/wp-json\/wp\/v2\/media?parent=5924"}],"wp:term":[{"taxonomy":"folder","embeddable":true,"href":"https:\/\/eventrix.events\/it\/wp-json\/wp\/v2\/folder?post=5924"}],"curies":[{"name":"wp","href":"https:\/\/api.w.org\/{rel}","templated":true}]}}