{"id":5677,"date":"2025-08-01T18:48:43","date_gmt":"2025-08-01T16:48:43","guid":{"rendered":"https:\/\/myevent.bz.it\/produkte\/cantina-von-braunbach-a-siebeneich\/"},"modified":"2025-08-01T18:48:43","modified_gmt":"2025-08-01T16:48:43","slug":"cantina-von-braunbach-a-siebeneich","status":"publish","type":"product","link":"https:\/\/eventrix.events\/it\/prodotto\/cantina-von-braunbach-a-siebeneich\/","title":{"rendered":"Cantina Von Braunbach a Siebeneich"},"content":{"rendered":"<p>Festeggia e divertiti alla cantina Von Braunbach<\/p>\n<p>Immersa nei dolci pendii soleggiati a ovest di Bolzano, si trova la cantina Von Braunbach: un luogo dove storia, divertimento e ospitalit\u00e0 si fondono in modo speciale.<\/p>\n<p>Le radici della tenuta risalgono al 1200. Oggi \u00e8 un luogo di carattere, sede di un&#8217;azienda vinicola che produce i migliori spumanti altoatesini e vini bianchi e rossi di alta qualit\u00e0. <\/p>\n<p>Von Braunbach \u00e8 sinonimo di qualit\u00e0, artigianalit\u00e0 e atmosfera &#8211; e allo stesso tempo offre un ambiente eccezionale per eventi, celebrazioni e occasioni speciali.<\/p>\n<p>Che si tratti di una celebrazione privata, di un matrimonio elegante o di un evento aziendale, le sale storiche dell&#8217;antico complesso monastico di Siebeneich, le cantine ristrutturate con cura e la verde area esterna creano uno scenario unico per momenti indimenticabili.<\/p>\n<p>Un luogo che emana tranquillit\u00e0 e che offre spazio per incontri, divertimento e qualcosa di speciale.<\/p>\n","protected":false},"excerpt":{"rendered":"<p>Festeggia e divertiti alla cantina Von Braunbach Immersa nei dolci pendii soleggiati a ovest di Bolzano, si trova la cantina Von Braunbach: un luogo dove storia, divertimento e ospitalit\u00e0 si fondono in modo speciale. Le radici della tenuta risalgono al 1200. Oggi \u00e8 un luogo di carattere, sede di un&#8217;azienda vinicola che produce i migliori&#8230;<\/p>\n","protected":false},"featured_media":5341,"comment_status":"open","ping_status":"closed","template":"","meta":{"_acf_changed":false,"wprm-recipe-roundup-name":"","wprm-recipe-roundup-description":"","_kad_blocks_custom_css":"","_kad_blocks_head_custom_js":"","_kad_blocks_body_custom_js":"","_kad_blocks_footer_custom_js":"","_kadence_starter_templates_imported_post":false,"_kad_post_transparent":"","_kad_post_title":"","_kad_post_layout":"","_kad_post_sidebar_id":"","_kad_post_content_style":"","_kad_post_vertical_padding":"","_kad_post_feature":"","_kad_post_feature_position":"","_kad_post_header":false,"_kad_post_footer":false,"_kad_post_classname":""},"product_brand":[],"product_cat":[392],"product_tag":[],"class_list":{"0":"post-5677","1":"product","2":"type-product","3":"status-publish","4":"has-post-thumbnail","6":"product_cat-luoghi","8":"first","9":"instock","10":"taxable","11":"shipping-taxable","12":"product-type-simple","13":"entry","14":"content-bg","15":"loop-entry"},"acf":[],"taxonomy_info":{"product_cat":[{"value":392,"label":"Luoghi"}]},"featured_image_src_large":["https:\/\/eventrix.events\/wp-content\/uploads\/2025\/08\/csm_Braunbach-01_9ca7672b24.jpg",750,525,false],"author_info":[],"comment_info":1,"_links":{"self":[{"href":"https:\/\/eventrix.events\/it\/wp-json\/wp\/v2\/product\/5677","targetHints":{"allow":["GET"]}}],"collection":[{"href":"https:\/\/eventrix.events\/it\/wp-json\/wp\/v2\/product"}],"about":[{"href":"https:\/\/eventrix.events\/it\/wp-json\/wp\/v2\/types\/product"}],"replies":[{"embeddable":true,"href":"https:\/\/eventrix.events\/it\/wp-json\/wp\/v2\/comments?post=5677"}],"wp:featuredmedia":[{"embeddable":true,"href":"https:\/\/eventrix.events\/it\/wp-json\/wp\/v2\/media\/5341"}],"wp:attachment":[{"href":"https:\/\/eventrix.events\/it\/wp-json\/wp\/v2\/media?parent=5677"}],"wp:term":[{"taxonomy":"product_brand","embeddable":true,"href":"https:\/\/eventrix.events\/it\/wp-json\/wp\/v2\/product_brand?post=5677"},{"taxonomy":"product_cat","embeddable":true,"href":"https:\/\/eventrix.events\/it\/wp-json\/wp\/v2\/product_cat?post=5677"},{"taxonomy":"product_tag","embeddable":true,"href":"https:\/\/eventrix.events\/it\/wp-json\/wp\/v2\/product_tag?post=5677"}],"curies":[{"name":"wp","href":"https:\/\/api.w.org\/{rel}","templated":true}]}}