{"id":8003,"date":"2026-01-09T11:51:59","date_gmt":"2026-01-09T10:51:59","guid":{"rendered":"https:\/\/eventrix.events\/produkte\/creme-brulee-classica\/"},"modified":"2026-01-09T11:51:59","modified_gmt":"2026-01-09T10:51:59","slug":"creme-brulee-classica","status":"publish","type":"product","link":"https:\/\/eventrix.events\/it\/prodotto\/creme-brulee-classica\/","title":{"rendered":"Cr\u00e8me br\u00fbl\u00e9e classica"},"content":{"rendered":"<p>Allergeni: G, C<\/p>\n","protected":false},"excerpt":{"rendered":"<p>Allergeni: G, C<\/p>\n","protected":false},"featured_media":7995,"comment_status":"open","ping_status":"closed","template":"","meta":{"_acf_changed":false,"wprm-recipe-roundup-name":"","wprm-recipe-roundup-description":"","_kad_blocks_custom_css":"","_kad_blocks_head_custom_js":"","_kad_blocks_body_custom_js":"","_kad_blocks_footer_custom_js":"","_kadence_starter_templates_imported_post":false,"_kad_post_transparent":"","_kad_post_title":"","_kad_post_layout":"","_kad_post_sidebar_id":"","_kad_post_content_style":"","_kad_post_vertical_padding":"","_kad_post_feature":"","_kad_post_feature_position":"","_kad_post_header":false,"_kad_post_footer":false,"_kad_post_classname":""},"product_brand":[],"product_cat":[146,162],"product_tag":[],"class_list":{"0":"post-8003","1":"product","2":"type-product","3":"status-publish","4":"has-post-thumbnail","6":"product_cat-dolci","7":"product_cat-dessert-in-vasetti","9":"first","10":"instock","11":"taxable","12":"shipping-taxable","13":"purchasable","14":"product-type-simple","15":"entry","16":"content-bg","17":"loop-entry"},"acf":[],"taxonomy_info":{"product_cat":[{"value":146,"label":"Dolci"},{"value":162,"label":"Dessert in vasetti"}]},"featured_image_src_large":["https:\/\/eventrix.events\/wp-content\/uploads\/2026\/01\/c21f5f04-cbc6-43aa-ba08-e6f0007aadee-864x1024.png",864,1024,true],"author_info":[],"comment_info":0,"_links":{"self":[{"href":"https:\/\/eventrix.events\/it\/wp-json\/wp\/v2\/product\/8003","targetHints":{"allow":["GET"]}}],"collection":[{"href":"https:\/\/eventrix.events\/it\/wp-json\/wp\/v2\/product"}],"about":[{"href":"https:\/\/eventrix.events\/it\/wp-json\/wp\/v2\/types\/product"}],"replies":[{"embeddable":true,"href":"https:\/\/eventrix.events\/it\/wp-json\/wp\/v2\/comments?post=8003"}],"wp:featuredmedia":[{"embeddable":true,"href":"https:\/\/eventrix.events\/it\/wp-json\/wp\/v2\/media\/7995"}],"wp:attachment":[{"href":"https:\/\/eventrix.events\/it\/wp-json\/wp\/v2\/media?parent=8003"}],"wp:term":[{"taxonomy":"product_brand","embeddable":true,"href":"https:\/\/eventrix.events\/it\/wp-json\/wp\/v2\/product_brand?post=8003"},{"taxonomy":"product_cat","embeddable":true,"href":"https:\/\/eventrix.events\/it\/wp-json\/wp\/v2\/product_cat?post=8003"},{"taxonomy":"product_tag","embeddable":true,"href":"https:\/\/eventrix.events\/it\/wp-json\/wp\/v2\/product_tag?post=8003"}],"curies":[{"name":"wp","href":"https:\/\/api.w.org\/{rel}","templated":true}]}}