{"id":8604,"date":"2026-02-07T18:14:54","date_gmt":"2026-02-07T17:14:54","guid":{"rendered":"https:\/\/eventrix.events\/?post_type=product&#038;p=8604"},"modified":"2026-02-07T18:18:18","modified_gmt":"2026-02-07T17:18:18","slug":"corso-di-cucina-cucina-altoatesina-reinterpretata-in-chiave-moderna-kopie","status":"publish","type":"product","link":"https:\/\/eventrix.events\/it\/prodotto\/corso-di-cucina-cucina-altoatesina-reinterpretata-in-chiave-moderna-kopie\/","title":{"rendered":"Corso di cucina vegana e vegetariana"},"content":{"rendered":"<h2 data-start=\"355\" data-end=\"447\">Corso di cucina vegana e vegetariana a Bolzano \u2013 Fermentazione, umami e cucina vegetale moderna<\/h2>\n<p data-start=\"449\" data-end=\"787\">Viva un corso di cucina vegana e vegetariana straordinario a Bolzano e scopra quanto pu\u00f2 essere aromatica e versatile la cucina a base vegetale oggi. Al Condito in Alto Adige combiniamo moderne tecniche di cottura con la forza della fermentazione naturale, garantendo cos\u00ec intensi aromi umami, senza proteine animali. <\/p>\n<p data-start=\"789\" data-end=\"1130\">Insieme prepariamo piatti creativi con ingredienti freschi e di alta qualit\u00e0 e mostriamo come fermenti, spezie e metodi di preparazione innovativi creano una straordinaria profondit\u00e0 di sapore. Questo corso di cucina apre nuove prospettive culinarie e dimostra che la cucina vegetariana e vegana \u00e8 molto pi\u00f9 di una semplice alternativa. <\/p>\n<p data-start=\"1132\" data-end=\"1386\">Che si tratti di un evento di team building, di un evento aziendale o di un corso di gruppo privato, il nostro corso di cucina in Alto Adige crea un&#8217;atmosfera stimolante in cui cucinare insieme diventa un&#8217;esperienza. L&#8217;attenzione si concentra sul piacere, sulla creativit\u00e0 e sulla convivialit\u00e0. <\/p>\n<p data-start=\"1388\" data-end=\"1505\">Dopo aver cucinato, gustiamo i piatti preparati in un&#8217;atmosfera rilassata e concludiamo la giornata con un&#8217;esperienza culinaria.<\/p>\n<p data-start=\"1507\" data-end=\"1724\">Si goda un corso di cucina moderno a Bolzano che combina sostenibilit\u00e0, innovazione e massimo piacere e scopra l&#8217;affascinante mondo della cucina vegetale con la naturale potenza dell&#8217;umami.<\/p>\n","protected":false},"excerpt":{"rendered":"<p>Corso di cucina vegana e vegetariana a Bolzano \u2013 Fermentazione, umami e cucina vegetale moderna Viva un corso di cucina vegana e vegetariana straordinario a Bolzano e scopra quanto pu\u00f2 essere aromatica e versatile la cucina a base vegetale oggi. Al Condito in Alto Adige combiniamo moderne tecniche di cottura con la forza della fermentazione&#8230;<\/p>\n","protected":false},"featured_media":5805,"comment_status":"open","ping_status":"closed","template":"","meta":{"_acf_changed":false,"wprm-recipe-roundup-name":"","wprm-recipe-roundup-description":"","_kad_blocks_custom_css":"","_kad_blocks_head_custom_js":"","_kad_blocks_body_custom_js":"","_kad_blocks_footer_custom_js":"","_kadence_starter_templates_imported_post":false,"_kad_post_transparent":"default","_kad_post_title":"","_kad_post_layout":"default","_kad_post_sidebar_id":"","_kad_post_content_style":"default","_kad_post_vertical_padding":"default","_kad_post_feature":"","_kad_post_feature_position":"","_kad_post_header":false,"_kad_post_footer":false,"_kad_post_classname":""},"product_brand":[],"product_cat":[436],"product_tag":[],"class_list":{"0":"post-8604","1":"product","2":"type-product","3":"status-publish","4":"has-post-thumbnail","6":"product_cat-corsi","8":"first","9":"instock","10":"virtual","11":"sold-individually","12":"taxable","13":"purchasable","14":"product-type-booking","15":"entry","16":"content-bg","17":"loop-entry"},"acf":[],"taxonomy_info":{"product_cat":[{"value":436,"label":"Corsi"}]},"featured_image_src_large":["https:\/\/eventrix.events\/wp-content\/uploads\/2025\/08\/shutterstock_2111499260-1024x576.jpg",1024,576,true],"author_info":[],"comment_info":0,"_links":{"self":[{"href":"https:\/\/eventrix.events\/it\/wp-json\/wp\/v2\/product\/8604","targetHints":{"allow":["GET"]}}],"collection":[{"href":"https:\/\/eventrix.events\/it\/wp-json\/wp\/v2\/product"}],"about":[{"href":"https:\/\/eventrix.events\/it\/wp-json\/wp\/v2\/types\/product"}],"replies":[{"embeddable":true,"href":"https:\/\/eventrix.events\/it\/wp-json\/wp\/v2\/comments?post=8604"}],"wp:featuredmedia":[{"embeddable":true,"href":"https:\/\/eventrix.events\/it\/wp-json\/wp\/v2\/media\/5805"}],"wp:attachment":[{"href":"https:\/\/eventrix.events\/it\/wp-json\/wp\/v2\/media?parent=8604"}],"wp:term":[{"taxonomy":"product_brand","embeddable":true,"href":"https:\/\/eventrix.events\/it\/wp-json\/wp\/v2\/product_brand?post=8604"},{"taxonomy":"product_cat","embeddable":true,"href":"https:\/\/eventrix.events\/it\/wp-json\/wp\/v2\/product_cat?post=8604"},{"taxonomy":"product_tag","embeddable":true,"href":"https:\/\/eventrix.events\/it\/wp-json\/wp\/v2\/product_tag?post=8604"}],"curies":[{"name":"wp","href":"https:\/\/api.w.org\/{rel}","templated":true}]}}